{"id":242,"date":"2025-05-23T14:22:00","date_gmt":"2025-05-23T20:22:00","guid":{"rendered":"https:\/\/armestoaranza.com\/?page_id=242"},"modified":"2025-09-26T09:21:08","modified_gmt":"2025-09-26T15:21:08","slug":"inicio-2","status":"publish","type":"page","link":"https:\/\/armestoaranza.com\/","title":{"rendered":"Home"},"content":{"rendered":"<p>[et_pb_section fb_built=\u00bb1&#8243; fullwidth=\u00bbon\u00bb _builder_version=\u00bb4.25.1&#8243; _module_preset=\u00bbdefault\u00bb background_color=\u00bbRGBA(255,255,255,0)\u00bb global_colors_info=\u00bb{}\u00bb][et_pb_fullwidth_slider _builder_version=\u00bb4.25.1&#8243; _module_preset=\u00bbdefault\u00bb min_height=\u00bb550.8px\u00bb custom_margin=\u00bb||2px|||\u00bb custom_padding=\u00bb157px||36px|||\u00bb link_option_url=\u00bbhttps:\/\/armestoaranza.com\/index.php\/portafolio\/\u00bb global_colors_info=\u00bb{}\u00bb][et_pb_slide heading=\u00bbNUDO-NIDO\u00bb button_text=\u00bbVer m\u00e1s\u00bb button_link=\u00bbhttps:\/\/armestoaranza.com\/index.php\/portafolio\/\u00bb use_bg_overlay=\u00bbon\u00bb use_text_overlay=\u00bboff\u00bb _builder_version=\u00bb4.25.1&#8243; _module_preset=\u00bbdefault\u00bb background_image=\u00bbhttps:\/\/armestoaranza.com\/wp-content\/uploads\/2025\/07\/sin-titulo-6139-scaled.jpg\u00bb background_enable_image=\u00bbon\u00bb button_alignment=\u00bbleft\u00bb text_orientation=\u00bbleft\u00bb global_colors_info=\u00bb{}\u00bb sticky_transition=\u00bbon\u00bb]<\/p>\n<p>Instalaci\u00f3n textil (2025)<\/p>\n<p>[\/et_pb_slide][et_pb_slide heading=\u00bbSembrar casa\u00bb button_text=\u00bbVer m\u00e1s\u00bb button_link=\u00bbhttps:\/\/armestoaranza.com\/index.php\/portafolio\/\u00bb use_bg_overlay=\u00bbon\u00bb bg_overlay_color=\u00bbrgba(0,0,0,0.17)\u00bb _builder_version=\u00bb4.25.1&#8243; _module_preset=\u00bbdefault\u00bb header_level=\u00bbh3&#8243; header_letter_spacing=\u00bb4px\u00bb background_image=\u00bbhttps:\/\/armestoaranza.com\/wp-content\/uploads\/2025\/05\/IMG_3464-scaled.jpg\u00bb background_enable_image=\u00bbon\u00bb text_orientation=\u00bbleft\u00bb global_colors_info=\u00bb{}\u00bb sticky_transition=\u00bbon\u00bb]<\/p>\n<p>Instalaci\u00f3n y performance (2024)<\/p>\n<p>[\/et_pb_slide][et_pb_slide heading=\u00bbExploraci\u00f3n pict\u00f3rica del vac\u00edo\u00bb button_text=\u00bbLeer m\u00e1s\u00bb button_link=\u00bbhttps:\/\/armestoaranza.com\/index.php\/portafolio\/\u00bb use_bg_overlay=\u00bbon\u00bb _builder_version=\u00bb4.25.1&#8243; _module_preset=\u00bbdefault\u00bb background_image=\u00bbhttps:\/\/armestoaranza.com\/wp-content\/uploads\/2024\/02\/image0-1-1-scaled.jpeg\u00bb background_enable_image=\u00bbon\u00bb text_orientation=\u00bbleft\u00bb global_colors_info=\u00bb{}\u00bb sticky_transition=\u00bbon\u00bb]<\/p>\n<p>Serie de pinturas (2023)<\/p>\n<p>[\/et_pb_slide][et_pb_slide heading=\u00bbHumedades\u00bb button_text=\u00bbVer m\u00e1s\u00bb button_link=\u00bbhttps:\/\/armestoaranza.com\/index.php\/portafolio\/\u00bb use_bg_overlay=\u00bbon\u00bb use_text_overlay=\u00bboff\u00bb _builder_version=\u00bb4.25.1&#8243; _module_preset=\u00bbdefault\u00bb background_image=\u00bbhttps:\/\/armestoaranza.com\/wp-content\/uploads\/2024\/04\/Humedad1.jpg\u00bb background_enable_image=\u00bbon\u00bb button_alignment=\u00bbleft\u00bb text_orientation=\u00bbleft\u00bb global_colors_info=\u00bb{}\u00bb sticky_transition=\u00bbon\u00bb]<\/p>\n<p>Exploraci\u00f3n t\u00e9cnica en \u00f3leo (2024)<\/p>\n<p>[\/et_pb_slide][\/et_pb_fullwidth_slider][\/et_pb_section][et_pb_section fb_built=\u00bb1&#8243; _builder_version=\u00bb4.25.1&#8243; _module_preset=\u00bbdefault\u00bb custom_padding=\u00bb||0px|||\u00bb global_colors_info=\u00bb{}\u00bb][et_pb_row _builder_version=\u00bb4.25.1&#8243; _module_preset=\u00bbdefault\u00bb min_height=\u00bb72px\u00bb global_colors_info=\u00bb{}\u00bb][et_pb_column type=\u00bb4_4&#8243; _builder_version=\u00bb4.25.1&#8243; _module_preset=\u00bbdefault\u00bb global_colors_info=\u00bb{}\u00bb][et_pb_text _builder_version=\u00bb4.25.1&#8243; _module_preset=\u00bbdefault\u00bb global_colors_info=\u00bb{}\u00bb]<\/p>\n<h1 style=\"text-align: center;\"><strong>NUDO-NIDO<\/strong><\/h1>\n<p>[\/et_pb_text][\/et_pb_column][\/et_pb_row][\/et_pb_section][et_pb_section fb_built=\u00bb1&#8243; specialty=\u00bbon\u00bb _builder_version=\u00bb4.25.1&#8243; _module_preset=\u00bbdefault\u00bb min_height=\u00bb551px\u00bb custom_margin=\u00bb||-11px|||\u00bb custom_padding=\u00bb0px||0px|||\u00bb global_colors_info=\u00bb{}\u00bb][et_pb_column type=\u00bb1_3&#8243; _builder_version=\u00bb4.16&#8243; custom_padding=\u00bb|||\u00bb global_colors_info=\u00bb{}\u00bb custom_padding__hover=\u00bb|||\u00bb][et_pb_image src=\u00bbhttps:\/\/armestoaranza.com\/wp-content\/uploads\/2025\/07\/sin-titulo-6001-scaled.jpg\u00bb title_text=\u00bbsin t\u00edtulo-6001&#8243; _builder_version=\u00bb4.25.1&#8243; _module_preset=\u00bbdefault\u00bb global_colors_info=\u00bb{}\u00bb][\/et_pb_image][\/et_pb_column][et_pb_column type=\u00bb2_3&#8243; specialty_columns=\u00bb2&#8243; _builder_version=\u00bb4.16&#8243; custom_padding=\u00bb|||\u00bb global_colors_info=\u00bb{}\u00bb custom_padding__hover=\u00bb|||\u00bb][et_pb_row_inner column_structure=\u00bb1_2,1_2&#8243; _builder_version=\u00bb4.25.1&#8243; _module_preset=\u00bbdefault\u00bb global_colors_info=\u00bb{}\u00bb][et_pb_column_inner type=\u00bb1_2&#8243; saved_specialty_column_type=\u00bb2_3&#8243; _builder_version=\u00bb4.25.1&#8243; _module_preset=\u00bbdefault\u00bb global_colors_info=\u00bb{}\u00bb][et_pb_image src=\u00bbhttps:\/\/armestoaranza.com\/wp-content\/uploads\/2025\/07\/sin-titulo-6017-scaled.jpg\u00bb title_text=\u00bbsin t\u00edtulo-6017&#8243; _builder_version=\u00bb4.25.1&#8243; _module_preset=\u00bbdefault\u00bb global_colors_info=\u00bb{}\u00bb][\/et_pb_image][\/et_pb_column_inner][et_pb_column_inner type=\u00bb1_2&#8243; saved_specialty_column_type=\u00bb2_3&#8243; _builder_version=\u00bb4.25.1&#8243; _module_preset=\u00bbdefault\u00bb global_colors_info=\u00bb{}\u00bb][et_pb_text _builder_version=\u00bb4.25.1&#8243; _module_preset=\u00bbdefault\u00bb global_colors_info=\u00bb{}\u00bb]<\/p>\n<p class=\"cvGsUA direction-ltr align-justify para-style-body\" style=\"text-align: justify;\"><span class=\"a_GcMg font-feature-liga-off font-feature-clig-off font-feature-calt-off text-decoration-none text-strikethrough-none\">Nace de la intenci\u00f3n de hablar del hogar, entre el deseo de arraigo y la necesidad de huir. <\/span><span style=\"font-size: 14px;\">Habitar como un conjunto de acciones y el nudo como proceso narrativo que surge de la repetici\u00f3n. Reconocer la danza que ocurre entre el irse y volver. Identificar el punto de partida y observar la trayectoria sin intentar desenredar, sin juzgar. Solo as\u00ed el nudo se puede volver nido.<\/span><\/p>\n<p>[\/et_pb_text][\/et_pb_column_inner][\/et_pb_row_inner][et_pb_row_inner column_structure=\u00bb1_2,1_2&#8243; _builder_version=\u00bb4.25.1&#8243; _module_preset=\u00bbdefault\u00bb global_colors_info=\u00bb{}\u00bb][et_pb_column_inner type=\u00bb1_2&#8243; saved_specialty_column_type=\u00bb2_3&#8243; _builder_version=\u00bb4.25.1&#8243; _module_preset=\u00bbdefault\u00bb global_colors_info=\u00bb{}\u00bb][et_pb_text _builder_version=\u00bb4.25.1&#8243; _module_preset=\u00bbdefault\u00bb global_colors_info=\u00bb{}\u00bb]<\/p>\n<p class=\"cvGsUA direction-ltr align-end para-style-body\" style=\"text-align: right;\"><span class=\"a_GcMg font-feature-liga-off font-feature-clig-off font-feature-calt-off text-decoration-none text-strikethrough-none\">Hay un nudo que me ata desde adentro,<\/span><span class=\"a_GcMg font-feature-liga-off font-feature-clig-off font-feature-calt-off text-decoration-none text-strikethrough-none white-space-prewrap\"> <\/span><\/p>\n<p class=\"cvGsUA direction-ltr align-end para-style-body\" style=\"text-align: right;\"><span class=\"a_GcMg font-feature-liga-off font-feature-clig-off font-feature-calt-off text-decoration-none text-strikethrough-none\">me quiero ir, pero regreso de nuevo,<\/span><\/p>\n<p class=\"cvGsUA direction-ltr align-end para-style-body\" style=\"text-align: right;\"><span class=\"a_GcMg white-space-prewrap font-feature-liga-off font-feature-clig-off font-feature-calt-off text-decoration-none text-strikethrough-none\"> <\/span><span class=\"a_GcMg font-feature-liga-off font-feature-clig-off font-feature-calt-off text-decoration-none text-strikethrough-none\">al partir llevo conmigo un hilo<\/span><\/p>\n<p class=\"cvGsUA direction-ltr align-end para-style-body\" style=\"text-align: right;\"><span class=\"a_GcMg font-feature-liga-off font-feature-clig-off font-feature-calt-off text-decoration-none text-strikethrough-none\">y me acompa\u00f1a de regreso<\/span><span class=\"a_GcMg font-feature-liga-off font-feature-clig-off font-feature-calt-off text-decoration-none text-strikethrough-none white-space-prewrap\"> <\/span><\/p>\n<p class=\"cvGsUA direction-ltr align-end para-style-body\" style=\"text-align: right;\"><span class=\"a_GcMg font-feature-liga-off font-feature-clig-off font-feature-calt-off text-decoration-none text-strikethrough-none\">a habitar el enredo.<\/span><\/p>\n<p>[\/et_pb_text][\/et_pb_column_inner][et_pb_column_inner type=\u00bb1_2&#8243; saved_specialty_column_type=\u00bb2_3&#8243; _builder_version=\u00bb4.25.1&#8243; _module_preset=\u00bbdefault\u00bb global_colors_info=\u00bb{}\u00bb][et_pb_image src=\u00bbhttps:\/\/armestoaranza.com\/wp-content\/uploads\/2025\/07\/sin-titulo-6086-scaled.jpg\u00bb title_text=\u00bbsin t\u00edtulo-6086&#8243; _builder_version=\u00bb4.25.1&#8243; _module_preset=\u00bbdefault\u00bb global_colors_info=\u00bb{}\u00bb][\/et_pb_image][\/et_pb_column_inner][\/et_pb_row_inner][\/et_pb_column][\/et_pb_section][et_pb_section fb_built=\u00bb1&#8243; fullwidth=\u00bbon\u00bb _builder_version=\u00bb4.25.1&#8243; _module_preset=\u00bbdefault\u00bb global_colors_info=\u00bb{}\u00bb][\/et_pb_section][et_pb_section fb_built=\u00bb1&#8243; _builder_version=\u00bb4.25.1&#8243; _module_preset=\u00bbdefault\u00bb global_colors_info=\u00bb{}\u00bb][et_pb_row _builder_version=\u00bb4.25.1&#8243; _module_preset=\u00bbdefault\u00bb global_colors_info=\u00bb{}\u00bb][et_pb_column type=\u00bb4_4&#8243; _builder_version=\u00bb4.25.1&#8243; _module_preset=\u00bbdefault\u00bb global_colors_info=\u00bb{}\u00bb][\/et_pb_column][\/et_pb_row][\/et_pb_section][et_pb_section fb_built=\u00bb1&#8243; admin_label=\u00bbContact Info\u00bb _builder_version=\u00bb4.25.1&#8243; _module_preset=\u00bbdefault\u00bb custom_padding=\u00bb0px|||||\u00bb collapsed=\u00bbon\u00bb global_colors_info=\u00bb{}\u00bb][et_pb_row column_structure=\u00bb1_3,1_3,1_3&#8243; _builder_version=\u00bb4.25.1&#8243; _module_preset=\u00bbdefault\u00bb global_colors_info=\u00bb{}\u00bb][et_pb_column type=\u00bb1_3&#8243; _builder_version=\u00bb4.25.1&#8243; _module_preset=\u00bbdefault\u00bb global_colors_info=\u00bb{}\u00bb][et_pb_blurb use_icon=\u00bbon\u00bb font_icon=\u00bb&#xe090;||divi||400&#8243; icon_color=\u00bb#780000&#8243; image_icon_width=\u00bb32px\u00bb content_max_width=\u00bb100%\u00bb module_class=\u00bbai_ignore_all\u00bb _builder_version=\u00bb4.25.1&#8243; _module_preset=\u00bb212b201d-2c34-41bd-936c-851b7357d08b\u00bb header_font=\u00bbCormorant Garamond|Cormorant Garamond_weight|||||||\u00bb header_text_color=\u00bb#0e0c19&#8243; header_font_size=\u00bb18px\u00bb header_line_height=\u00bb1.4em\u00bb body_font=\u00bbProza Libre|Proza Libre_weight|||||||\u00bb body_text_color=\u00bb#3c3a47&#8243; body_font_size=\u00bb16px\u00bb body_line_height=\u00bb1.75em\u00bb body_link_text_color=\u00bb#780000&#8243; background_mask_style=\u00bbchevrons\u00bb image_icon_custom_margin=\u00bb||||false|false\u00bb image_icon_custom_padding=\u00bb||||false|false\u00bb text_orientation=\u00bbcenter\u00bb animation=\u00bboff\u00bb header_font_size_tablet=\u00bb15px\u00bb header_font_size_phone=\u00bb13px\u00bb header_font_size_last_edited=\u00bbon|phone\u00bb body_font_size_tablet=\u00bb15px\u00bb body_font_size_phone=\u00bb14px\u00bb body_font_size_last_edited=\u00bbon|desktop\u00bb border_radii_image=\u00bbon|6px|6px|6px|6px\u00bb global_colors_info=\u00bb{}\u00bb]<\/p>\n<p>+521 552 699 2564<\/p>\n<p>[\/et_pb_blurb][\/et_pb_column][et_pb_column type=\u00bb1_3&#8243; _builder_version=\u00bb4.25.1&#8243; _module_preset=\u00bbdefault\u00bb global_colors_info=\u00bb{}\u00bb][et_pb_blurb url_new_window=\u00bbon\u00bb use_icon=\u00bbon\u00bb font_icon=\u00bb&#xf0e0;||fa||900&#8243; icon_color=\u00bb#780000&#8243; image_icon_width=\u00bb32px\u00bb content_max_width=\u00bb100%\u00bb module_class=\u00bbai_ignore_all\u00bb _builder_version=\u00bb4.25.1&#8243; _module_preset=\u00bb212b201d-2c34-41bd-936c-851b7357d08b\u00bb header_font=\u00bbCormorant Garamond|Cormorant Garamond_weight|||||||\u00bb header_text_color=\u00bb#0e0c19&#8243; header_font_size=\u00bb18px\u00bb header_line_height=\u00bb1.4em\u00bb body_font=\u00bbProza Libre|Proza Libre_weight|||||||\u00bb body_text_color=\u00bb#3c3a47&#8243; body_font_size=\u00bb16px\u00bb body_line_height=\u00bb1.75em\u00bb body_link_text_color=\u00bb#780000&#8243; background_mask_style=\u00bbchevrons\u00bb image_icon_custom_margin=\u00bb||||false|false\u00bb image_icon_custom_padding=\u00bb||||false|false\u00bb text_orientation=\u00bbcenter\u00bb animation=\u00bboff\u00bb header_font_size_tablet=\u00bb15px\u00bb header_font_size_phone=\u00bb13px\u00bb header_font_size_last_edited=\u00bbon|phone\u00bb body_font_size_tablet=\u00bb15px\u00bb body_font_size_phone=\u00bb14px\u00bb body_font_size_last_edited=\u00bbon|desktop\u00bb border_radii_image=\u00bbon|6px|6px|6px|6px\u00bb locked=\u00bboff\u00bb global_colors_info=\u00bb{}\u00bb]<\/p>\n<p><a href=\"mailto:contact@aranzaarmesto.com\">aranza.armesto@gmail.com<\/a><\/p>\n<p>[\/et_pb_blurb][\/et_pb_column][et_pb_column type=\u00bb1_3&#8243; _builder_version=\u00bb4.25.1&#8243; _module_preset=\u00bbdefault\u00bb global_colors_info=\u00bb{}\u00bb][et_pb_blurb use_icon=\u00bbon\u00bb font_icon=\u00bb&#xf3c5;||fa||900&#8243; icon_color=\u00bb#780000&#8243; image_icon_width=\u00bb32px\u00bb content_max_width=\u00bb100%\u00bb module_class=\u00bbai_ignore_all\u00bb _builder_version=\u00bb4.25.1&#8243; _module_preset=\u00bb212b201d-2c34-41bd-936c-851b7357d08b\u00bb header_font=\u00bbCormorant Garamond|Cormorant Garamond_weight|||||||\u00bb header_text_color=\u00bb#0e0c19&#8243; header_font_size=\u00bb18px\u00bb header_line_height=\u00bb1.4em\u00bb body_font=\u00bbProza Libre|Proza Libre_weight|||||||\u00bb body_text_color=\u00bb#3c3a47&#8243; body_font_size=\u00bb16px\u00bb body_line_height=\u00bb1.75em\u00bb body_link_text_color=\u00bb#780000&#8243; background_mask_style=\u00bbchevrons\u00bb image_icon_custom_margin=\u00bb||||false|false\u00bb image_icon_custom_padding=\u00bb||||false|false\u00bb text_orientation=\u00bbcenter\u00bb animation=\u00bboff\u00bb header_font_size_tablet=\u00bb15px\u00bb header_font_size_phone=\u00bb13px\u00bb header_font_size_last_edited=\u00bbon|phone\u00bb body_font_size_tablet=\u00bb15px\u00bb body_font_size_phone=\u00bb14px\u00bb body_font_size_last_edited=\u00bbon|desktop\u00bb border_radii_image=\u00bbon|6px|6px|6px|6px\u00bb locked=\u00bboff\u00bb global_colors_info=\u00bb{}\u00bb]<\/p>\n<p>Cuernavaca, Morelos<\/p>\n<p>[\/et_pb_blurb][\/et_pb_column][\/et_pb_row][\/et_pb_section][et_pb_section fb_built=\u00bb1&#8243; fullwidth=\u00bbon\u00bb theme_builder_area=\u00bbpost_content\u00bb _builder_version=\u00bb4.25.1&#8243; _module_preset=\u00bbdefault\u00bb][\/et_pb_section]<\/p>\n","protected":false},"excerpt":{"rendered":"<p>Instalaci\u00f3n textil (2025)Instalaci\u00f3n y performance (2024)Serie de pinturas (2023)Exploraci\u00f3n t\u00e9cnica en \u00f3leo (2024)NUDO-NIDONace de la intenci\u00f3n de hablar del hogar, entre el deseo de arraigo y la necesidad de huir. Habitar como un conjunto de acciones y el nudo como proceso narrativo que surge de la repetici\u00f3n. Reconocer la danza que ocurre entre el irse [&hellip;]<\/p>\n","protected":false},"author":1,"featured_media":0,"parent":0,"menu_order":0,"comment_status":"closed","ping_status":"closed","template":"","meta":{"_et_pb_use_builder":"on","_et_pb_old_content":"","_et_gb_content_width":"","footnotes":""},"class_list":["post-242","page","type-page","status-publish","hentry"],"yoast_head":"<!-- This site is optimized with the Yoast SEO plugin v25.6 - https:\/\/yoast.com\/wordpress\/plugins\/seo\/ -->\n<title>Home - Aranza Armesto<\/title>\n<meta name=\"robots\" content=\"index, follow, max-snippet:-1, max-image-preview:large, max-video-preview:-1\" \/>\n<link rel=\"canonical\" href=\"https:\/\/armestoaranza.com\/\" \/>\n<meta property=\"og:locale\" content=\"es_ES\" \/>\n<meta property=\"og:type\" content=\"article\" \/>\n<meta property=\"og:title\" content=\"Home - Aranza Armesto\" \/>\n<meta property=\"og:description\" content=\"Instalaci\u00f3n textil (2025)Instalaci\u00f3n y performance (2024)Serie de pinturas (2023)Exploraci\u00f3n t\u00e9cnica en \u00f3leo (2024)NUDO-NIDONace de la intenci\u00f3n de hablar del hogar, entre el deseo de arraigo y la necesidad de huir. Habitar como un conjunto de acciones y el nudo como proceso narrativo que surge de la repetici\u00f3n. Reconocer la danza que ocurre entre el irse [&hellip;]\" \/>\n<meta property=\"og:url\" content=\"https:\/\/armestoaranza.com\/\" \/>\n<meta property=\"og:site_name\" content=\"Aranza Armesto\" \/>\n<meta property=\"article:modified_time\" content=\"2025-09-26T15:21:08+00:00\" \/>\n<meta name=\"twitter:card\" content=\"summary_large_image\" \/>\n<meta name=\"twitter:label1\" content=\"Tiempo de lectura\" \/>\n\t<meta name=\"twitter:data1\" content=\"2 minutos\" \/>\n<script type=\"application\/ld+json\" class=\"yoast-schema-graph\">{\"@context\":\"https:\/\/schema.org\",\"@graph\":[{\"@type\":\"WebPage\",\"@id\":\"https:\/\/armestoaranza.com\/\",\"url\":\"https:\/\/armestoaranza.com\/\",\"name\":\"Home - Aranza Armesto\",\"isPartOf\":{\"@id\":\"https:\/\/armestoaranza.com\/#website\"},\"datePublished\":\"2025-05-23T20:22:00+00:00\",\"dateModified\":\"2025-09-26T15:21:08+00:00\",\"breadcrumb\":{\"@id\":\"https:\/\/armestoaranza.com\/#breadcrumb\"},\"inLanguage\":\"es\",\"potentialAction\":[{\"@type\":\"ReadAction\",\"target\":[\"https:\/\/armestoaranza.com\/\"]}]},{\"@type\":\"BreadcrumbList\",\"@id\":\"https:\/\/armestoaranza.com\/#breadcrumb\",\"itemListElement\":[{\"@type\":\"ListItem\",\"position\":1,\"name\":\"Portada\",\"item\":\"https:\/\/armestoaranza.com\/\"},{\"@type\":\"ListItem\",\"position\":2,\"name\":\"Home\"}]},{\"@type\":\"WebSite\",\"@id\":\"https:\/\/armestoaranza.com\/#website\",\"url\":\"https:\/\/armestoaranza.com\/\",\"name\":\"Aranza Armesto\",\"description\":\"\",\"potentialAction\":[{\"@type\":\"SearchAction\",\"target\":{\"@type\":\"EntryPoint\",\"urlTemplate\":\"https:\/\/armestoaranza.com\/?s={search_term_string}\"},\"query-input\":{\"@type\":\"PropertyValueSpecification\",\"valueRequired\":true,\"valueName\":\"search_term_string\"}}],\"inLanguage\":\"es\"}]}<\/script>\n<!-- \/ Yoast SEO plugin. -->","yoast_head_json":{"title":"Home - Aranza Armesto","robots":{"index":"index","follow":"follow","max-snippet":"max-snippet:-1","max-image-preview":"max-image-preview:large","max-video-preview":"max-video-preview:-1"},"canonical":"https:\/\/armestoaranza.com\/","og_locale":"es_ES","og_type":"article","og_title":"Home - Aranza Armesto","og_description":"Instalaci\u00f3n textil (2025)Instalaci\u00f3n y performance (2024)Serie de pinturas (2023)Exploraci\u00f3n t\u00e9cnica en \u00f3leo (2024)NUDO-NIDONace de la intenci\u00f3n de hablar del hogar, entre el deseo de arraigo y la necesidad de huir. Habitar como un conjunto de acciones y el nudo como proceso narrativo que surge de la repetici\u00f3n. Reconocer la danza que ocurre entre el irse [&hellip;]","og_url":"https:\/\/armestoaranza.com\/","og_site_name":"Aranza Armesto","article_modified_time":"2025-09-26T15:21:08+00:00","twitter_card":"summary_large_image","twitter_misc":{"Tiempo de lectura":"2 minutos"},"schema":{"@context":"https:\/\/schema.org","@graph":[{"@type":"WebPage","@id":"https:\/\/armestoaranza.com\/","url":"https:\/\/armestoaranza.com\/","name":"Home - Aranza Armesto","isPartOf":{"@id":"https:\/\/armestoaranza.com\/#website"},"datePublished":"2025-05-23T20:22:00+00:00","dateModified":"2025-09-26T15:21:08+00:00","breadcrumb":{"@id":"https:\/\/armestoaranza.com\/#breadcrumb"},"inLanguage":"es","potentialAction":[{"@type":"ReadAction","target":["https:\/\/armestoaranza.com\/"]}]},{"@type":"BreadcrumbList","@id":"https:\/\/armestoaranza.com\/#breadcrumb","itemListElement":[{"@type":"ListItem","position":1,"name":"Portada","item":"https:\/\/armestoaranza.com\/"},{"@type":"ListItem","position":2,"name":"Home"}]},{"@type":"WebSite","@id":"https:\/\/armestoaranza.com\/#website","url":"https:\/\/armestoaranza.com\/","name":"Aranza Armesto","description":"","potentialAction":[{"@type":"SearchAction","target":{"@type":"EntryPoint","urlTemplate":"https:\/\/armestoaranza.com\/?s={search_term_string}"},"query-input":{"@type":"PropertyValueSpecification","valueRequired":true,"valueName":"search_term_string"}}],"inLanguage":"es"}]}},"_links":{"self":[{"href":"https:\/\/armestoaranza.com\/index.php\/wp-json\/wp\/v2\/pages\/242","targetHints":{"allow":["GET"]}}],"collection":[{"href":"https:\/\/armestoaranza.com\/index.php\/wp-json\/wp\/v2\/pages"}],"about":[{"href":"https:\/\/armestoaranza.com\/index.php\/wp-json\/wp\/v2\/types\/page"}],"author":[{"embeddable":true,"href":"https:\/\/armestoaranza.com\/index.php\/wp-json\/wp\/v2\/users\/1"}],"replies":[{"embeddable":true,"href":"https:\/\/armestoaranza.com\/index.php\/wp-json\/wp\/v2\/comments?post=242"}],"version-history":[{"count":15,"href":"https:\/\/armestoaranza.com\/index.php\/wp-json\/wp\/v2\/pages\/242\/revisions"}],"predecessor-version":[{"id":395,"href":"https:\/\/armestoaranza.com\/index.php\/wp-json\/wp\/v2\/pages\/242\/revisions\/395"}],"wp:attachment":[{"href":"https:\/\/armestoaranza.com\/index.php\/wp-json\/wp\/v2\/media?parent=242"}],"curies":[{"name":"wp","href":"https:\/\/api.w.org\/{rel}","templated":true}]}}