{"id":119,"date":"2024-02-18T20:54:19","date_gmt":"2024-02-19T02:54:19","guid":{"rendered":"http:\/\/armestoaranza.com\/?page_id=119"},"modified":"2025-09-26T12:28:32","modified_gmt":"2025-09-26T18:28:32","slug":"119-2","status":"publish","type":"page","link":"https:\/\/armestoaranza.com\/index.php\/119-2\/","title":{"rendered":"Sobre mi"},"content":{"rendered":"<p>[et_pb_section fb_built=\u00bb1&#8243; specialty=\u00bbon\u00bb _builder_version=\u00bb4.25.1&#8243; _module_preset=\u00bbdefault\u00bb global_colors_info=\u00bb{}\u00bb][et_pb_column type=\u00bb1_2&#8243; _builder_version=\u00bb4.16&#8243; custom_padding=\u00bb|||\u00bb global_colors_info=\u00bb{}\u00bb custom_padding__hover=\u00bb|||\u00bb][et_pb_image src=\u00bbhttps:\/\/armestoaranza.com\/wp-content\/uploads\/2025\/05\/ara.jpg\u00bb title_text=\u00bbara\u00bb _builder_version=\u00bb4.25.1&#8243; _module_preset=\u00bbdefault\u00bb global_colors_info=\u00bb{}\u00bb][\/et_pb_image][et_pb_text _builder_version=\u00bb4.25.1&#8243; _module_preset=\u00bbdefault\u00bb global_colors_info=\u00bb{}\u00bb]<\/p>\n<h3 style=\"text-align: justify;\">Statement<\/h3>\n<p style=\"text-align: justify;\">Mi pr\u00e1ctica art\u00edstica parte de una b\u00fasqueda vital: entender c\u00f3mo se habita un cuerpo, un espacio, un tiempo. Ha sido un medio para entrar en di\u00e1logo con las capas invisibles del mundo, con la memoria de los materiales, las historias contenidas en los espacios y las vibraciones que anteceden y que nos suceden.<\/p>\n<p style=\"text-align: justify;\">La espiritualidad y la pr\u00e1ctica comunitaria atraviesan mi producci\u00f3n, mi formaci\u00f3n con contadoras del tiempo mayas Kaqchikeles y los danzantes mexicas, me ha llevado a caminar con honor y respeto, el pensamiento de los abuelos y a seguir otro calendario como una forma radical de sincronizarme con otras l\u00f3gicas del mundo.<\/p>\n<p style=\"text-align: justify;\">Utilizo materiales naturales \u2014tierra, hilo, piedra, pigmentos org\u00e1nicos\u2014 porque me interesa crear desde lo vivo, desde lo que respira, se transforma y tambi\u00e9n se deteriora. Cada uno de estos lenguajes me permite explorar lo ritual desde distintas escalas: la piel como territorio de memoria; el textil como extensi\u00f3n del cuerpo; los objetos como restos y resonancias de gestos pasados. Me interesa devolverle al arte su dimensi\u00f3n ceremonial, su capacidad de convocar silencio, cuidado y v\u00ednculo. Pensando el arte como una tecnolog\u00eda ancestral de percepci\u00f3n, una manera de tocar lo que no tiene forma, de sostener lo fr\u00e1gil, contener experiencias expansivas y abrir espacios de contemplaci\u00f3n y resistencia para escuchar lo que no siempre tiene nombre.<\/p>\n<p>[\/et_pb_text][\/et_pb_column][et_pb_column type=\u00bb1_2&#8243; specialty_columns=\u00bb2&#8243; _builder_version=\u00bb4.16&#8243; custom_padding=\u00bb|||\u00bb global_colors_info=\u00bb{}\u00bb custom_padding__hover=\u00bb|||\u00bb][et_pb_row_inner _builder_version=\u00bb4.25.1&#8243; _module_preset=\u00bbdefault\u00bb custom_padding=\u00bb18px|||||\u00bb global_colors_info=\u00bb{}\u00bb][et_pb_column_inner saved_specialty_column_type=\u00bb1_2&#8243; _builder_version=\u00bb4.25.1&#8243; _module_preset=\u00bbdefault\u00bb global_colors_info=\u00bb{}\u00bb][et_pb_text _builder_version=\u00bb4.25.1&#8243; _module_preset=\u00bbdefault\u00bb text_font=\u00bbAkshar||||||||\u00bb global_colors_info=\u00bb{}\u00bb]<\/p>\n<h1>Aranza Armesto<\/h1>\n<p>[\/et_pb_text][et_pb_text _builder_version=\u00bb4.25.1&#8243; _module_preset=\u00bbdefault\u00bb min_height=\u00bb650.1px\u00bb custom_margin=\u00bb||-51px|||\u00bb custom_padding=\u00bb0px|||||\u00bb global_colors_info=\u00bb{}\u00bb]<\/p>\n<p style=\"text-align: justify;\"><strong>(Ciudad de M\u00e9xico, 1999)<\/strong>. Artista visual multidisciplinaria, su pr\u00e1ctica se despliega en la intersecci\u00f3n entre lo espiritual y lo sensible, trabajando con instalaci\u00f3n, pintura, performance, escritura y procesos corporales como el tatuaje, el textil y el bordado. Los materiales vivos como pigmentos, fibras, piedras, plantas e incluso la piel, funcionan como soportes y veh\u00edculos de memoria, que al ser intervenidos revelan el paso del tiempo como un tejido din\u00e1mico y en constante transformaci\u00f3n. Su trabajo propone pensar el arte como un proceso vivo que se habita y compartir otras l\u00f3gicas del mundo para cuestionar la relaci\u00f3n entre arte y vida, abriendo espacios de contemplaci\u00f3n y resistencia.<\/p>\n<p style=\"text-align: justify;\">Egresada de la Licenciatura en Artes por la Universidad Aut\u00f3noma del Estado de Morelos, su trayectoria se ha desarrollado principalmente en Cuernavaca, donde ha presentado su trabajo en espacios institucionales y culturales de la localidad. Entre sus exposiciones colectivas destacan <em>Est\u00e9ticas en conversaci\u00f3n<\/em> en el Museo de la Ciudad de Cuernavaca (2025), <em>Perforebeld\u00edas<\/em> en el Museo Morelense de Arte Contempor\u00e1neo Juan Soriano (2024), el <em>Noveno Festival Mujeres Hilvanando Ideas<\/em> en la Casona Spencer (2024) y su primera muestra individual, <em>Nudo-Nido<\/em>, en el Edificio Victoria, Galer\u00eda alterna del Centro Morelense de las Artes (2025).<\/p>\n<p>[\/et_pb_text][et_pb_button button_url=\u00bbhttps:\/\/armestoaranza.com\/wp-content\/uploads\/2025\/05\/ARMESTO-CV-2025.pdf\u00bb url_new_window=\u00bbon\u00bb button_text=\u00bbDescargar cv\u00bb _builder_version=\u00bb4.25.1&#8243; _module_preset=\u00bbdefault\u00bb custom_button=\u00bbon\u00bb button_text_color=\u00bb#212121&#8243; button_border_width=\u00bb1px\u00bb button_border_radius=\u00bb23px\u00bb button_letter_spacing=\u00bb1px\u00bb global_colors_info=\u00bb{}\u00bb][\/et_pb_button][\/et_pb_column_inner][\/et_pb_row_inner][\/et_pb_column][\/et_pb_section]<\/p>\n","protected":false},"excerpt":{"rendered":"<p>Statement Mi pr\u00e1ctica art\u00edstica parte de una b\u00fasqueda vital: entender c\u00f3mo se habita un cuerpo, un espacio, un tiempo. Ha sido un medio para entrar en di\u00e1logo con las capas invisibles del mundo, con la memoria de los materiales, las historias contenidas en los espacios y las vibraciones que anteceden y que nos suceden. La [&hellip;]<\/p>\n","protected":false},"author":1,"featured_media":0,"parent":0,"menu_order":0,"comment_status":"closed","ping_status":"closed","template":"","meta":{"_et_pb_use_builder":"on","_et_pb_old_content":"","_et_gb_content_width":"","footnotes":""},"class_list":["post-119","page","type-page","status-publish","hentry"],"yoast_head":"<!-- This site is optimized with the Yoast SEO plugin v25.6 - https:\/\/yoast.com\/wordpress\/plugins\/seo\/ -->\n<title>Sobre mi - Aranza Armesto<\/title>\n<meta name=\"robots\" content=\"index, follow, max-snippet:-1, max-image-preview:large, max-video-preview:-1\" \/>\n<link rel=\"canonical\" href=\"https:\/\/armestoaranza.com\/index.php\/119-2\/\" \/>\n<meta property=\"og:locale\" content=\"es_ES\" \/>\n<meta property=\"og:type\" content=\"article\" \/>\n<meta property=\"og:title\" content=\"Sobre mi - Aranza Armesto\" \/>\n<meta property=\"og:description\" content=\"Statement Mi pr\u00e1ctica art\u00edstica parte de una b\u00fasqueda vital: entender c\u00f3mo se habita un cuerpo, un espacio, un tiempo. Ha sido un medio para entrar en di\u00e1logo con las capas invisibles del mundo, con la memoria de los materiales, las historias contenidas en los espacios y las vibraciones que anteceden y que nos suceden. La [&hellip;]\" \/>\n<meta property=\"og:url\" content=\"https:\/\/armestoaranza.com\/index.php\/119-2\/\" \/>\n<meta property=\"og:site_name\" content=\"Aranza Armesto\" \/>\n<meta property=\"article:modified_time\" content=\"2025-09-26T18:28:32+00:00\" \/>\n<meta name=\"twitter:card\" content=\"summary_large_image\" \/>\n<script type=\"application\/ld+json\" class=\"yoast-schema-graph\">{\"@context\":\"https:\/\/schema.org\",\"@graph\":[{\"@type\":\"WebPage\",\"@id\":\"https:\/\/armestoaranza.com\/index.php\/119-2\/\",\"url\":\"https:\/\/armestoaranza.com\/index.php\/119-2\/\",\"name\":\"Sobre mi - Aranza Armesto\",\"isPartOf\":{\"@id\":\"https:\/\/armestoaranza.com\/#website\"},\"datePublished\":\"2024-02-19T02:54:19+00:00\",\"dateModified\":\"2025-09-26T18:28:32+00:00\",\"breadcrumb\":{\"@id\":\"https:\/\/armestoaranza.com\/index.php\/119-2\/#breadcrumb\"},\"inLanguage\":\"es\",\"potentialAction\":[{\"@type\":\"ReadAction\",\"target\":[\"https:\/\/armestoaranza.com\/index.php\/119-2\/\"]}]},{\"@type\":\"BreadcrumbList\",\"@id\":\"https:\/\/armestoaranza.com\/index.php\/119-2\/#breadcrumb\",\"itemListElement\":[{\"@type\":\"ListItem\",\"position\":1,\"name\":\"Portada\",\"item\":\"https:\/\/armestoaranza.com\/\"},{\"@type\":\"ListItem\",\"position\":2,\"name\":\"Sobre mi\"}]},{\"@type\":\"WebSite\",\"@id\":\"https:\/\/armestoaranza.com\/#website\",\"url\":\"https:\/\/armestoaranza.com\/\",\"name\":\"Aranza Armesto\",\"description\":\"\",\"potentialAction\":[{\"@type\":\"SearchAction\",\"target\":{\"@type\":\"EntryPoint\",\"urlTemplate\":\"https:\/\/armestoaranza.com\/?s={search_term_string}\"},\"query-input\":{\"@type\":\"PropertyValueSpecification\",\"valueRequired\":true,\"valueName\":\"search_term_string\"}}],\"inLanguage\":\"es\"}]}<\/script>\n<!-- \/ Yoast SEO plugin. -->","yoast_head_json":{"title":"Sobre mi - Aranza Armesto","robots":{"index":"index","follow":"follow","max-snippet":"max-snippet:-1","max-image-preview":"max-image-preview:large","max-video-preview":"max-video-preview:-1"},"canonical":"https:\/\/armestoaranza.com\/index.php\/119-2\/","og_locale":"es_ES","og_type":"article","og_title":"Sobre mi - Aranza Armesto","og_description":"Statement Mi pr\u00e1ctica art\u00edstica parte de una b\u00fasqueda vital: entender c\u00f3mo se habita un cuerpo, un espacio, un tiempo. Ha sido un medio para entrar en di\u00e1logo con las capas invisibles del mundo, con la memoria de los materiales, las historias contenidas en los espacios y las vibraciones que anteceden y que nos suceden. La [&hellip;]","og_url":"https:\/\/armestoaranza.com\/index.php\/119-2\/","og_site_name":"Aranza Armesto","article_modified_time":"2025-09-26T18:28:32+00:00","twitter_card":"summary_large_image","schema":{"@context":"https:\/\/schema.org","@graph":[{"@type":"WebPage","@id":"https:\/\/armestoaranza.com\/index.php\/119-2\/","url":"https:\/\/armestoaranza.com\/index.php\/119-2\/","name":"Sobre mi - Aranza Armesto","isPartOf":{"@id":"https:\/\/armestoaranza.com\/#website"},"datePublished":"2024-02-19T02:54:19+00:00","dateModified":"2025-09-26T18:28:32+00:00","breadcrumb":{"@id":"https:\/\/armestoaranza.com\/index.php\/119-2\/#breadcrumb"},"inLanguage":"es","potentialAction":[{"@type":"ReadAction","target":["https:\/\/armestoaranza.com\/index.php\/119-2\/"]}]},{"@type":"BreadcrumbList","@id":"https:\/\/armestoaranza.com\/index.php\/119-2\/#breadcrumb","itemListElement":[{"@type":"ListItem","position":1,"name":"Portada","item":"https:\/\/armestoaranza.com\/"},{"@type":"ListItem","position":2,"name":"Sobre mi"}]},{"@type":"WebSite","@id":"https:\/\/armestoaranza.com\/#website","url":"https:\/\/armestoaranza.com\/","name":"Aranza Armesto","description":"","potentialAction":[{"@type":"SearchAction","target":{"@type":"EntryPoint","urlTemplate":"https:\/\/armestoaranza.com\/?s={search_term_string}"},"query-input":{"@type":"PropertyValueSpecification","valueRequired":true,"valueName":"search_term_string"}}],"inLanguage":"es"}]}},"_links":{"self":[{"href":"https:\/\/armestoaranza.com\/index.php\/wp-json\/wp\/v2\/pages\/119","targetHints":{"allow":["GET"]}}],"collection":[{"href":"https:\/\/armestoaranza.com\/index.php\/wp-json\/wp\/v2\/pages"}],"about":[{"href":"https:\/\/armestoaranza.com\/index.php\/wp-json\/wp\/v2\/types\/page"}],"author":[{"embeddable":true,"href":"https:\/\/armestoaranza.com\/index.php\/wp-json\/wp\/v2\/users\/1"}],"replies":[{"embeddable":true,"href":"https:\/\/armestoaranza.com\/index.php\/wp-json\/wp\/v2\/comments?post=119"}],"version-history":[{"count":12,"href":"https:\/\/armestoaranza.com\/index.php\/wp-json\/wp\/v2\/pages\/119\/revisions"}],"predecessor-version":[{"id":402,"href":"https:\/\/armestoaranza.com\/index.php\/wp-json\/wp\/v2\/pages\/119\/revisions\/402"}],"wp:attachment":[{"href":"https:\/\/armestoaranza.com\/index.php\/wp-json\/wp\/v2\/media?parent=119"}],"curies":[{"name":"wp","href":"https:\/\/api.w.org\/{rel}","templated":true}]}}